{"id":1485,"date":"2026-01-14T18:45:28","date_gmt":"2026-01-14T18:45:28","guid":{"rendered":"https:\/\/solutionsrenovationquebec.ca\/?page_id=1485"},"modified":"2026-03-31T05:30:16","modified_gmt":"2026-03-31T05:30:16","slug":"guide-gratuit","status":"publish","type":"page","link":"https:\/\/solutionsrenovationquebec.ca\/en\/guide-gratuit\/","title":{"rendered":"guide gratuit"},"content":{"rendered":"<p>&nbsp;<\/p>\n<p>NOUVEAU rapport GRATUIT choquant r\u00e9v\u00e8le\u2026<\/p>\n<h1>D\u00e9couvre les 5 regrets qu\u2019ont les propri\u00e9taires apr\u00e8s un projet de r\u00e9novation &#8211; et quoi faire pour les \u00e9viter !<\/h1>\n<p>A <a href=\"https:\/\/solutionsrenovationquebec.ca\/en\/services\/kitchen-renovation\/\">projet de r\u00e9novation<\/a>, c&rsquo;est l&rsquo;fun. Laisse pas ce moment magique virer au drame\u2026 Apr\u00e8s +10 ans d\u2019exp\u00e9rience et des centaines de projets r\u00e9ussis, nos artisans te montrent leurs secrets. Entre la planification budg\u00e9taire et comment choisir son entrepreneur, tu auras tous les outils pour obtenir la maison de tes r\u00eaves \u2014 au meilleur prix.<\/p>\n<p>Remplis le formulaire plus bas et r\u00e9cup\u00e8re ton guide gratuit.<\/p>\n<p><img fetchpriority=\"high\" decoding=\"async\" src=\"https:\/\/solutionsrenovationquebec.ca\/wp-content\/uploads\/2026\/02\/Adobe-Express-file.png\" sizes=\"(max-width: 800px) 100vw, 800px\" srcset=\"https:\/\/solutionsrenovationquebec.ca\/wp-content\/uploads\/2026\/02\/Adobe-Express-file.png 1024w, https:\/\/solutionsrenovationquebec.ca\/wp-content\/uploads\/2026\/02\/Adobe-Express-file-300x300.png 300w, https:\/\/solutionsrenovationquebec.ca\/wp-content\/uploads\/2026\/02\/Adobe-Express-file-150x150.png 150w, https:\/\/solutionsrenovationquebec.ca\/wp-content\/uploads\/2026\/02\/Adobe-Express-file-768x768.png 768w, https:\/\/solutionsrenovationquebec.ca\/wp-content\/uploads\/2026\/02\/Adobe-Express-file-12x12.png 12w\" alt=\"\" width=\"800\" height=\"800\" \/><\/p>\n<h2>OBTENIR MON GUIDE GRATUIT MAINTENANT<\/h2>\n<p>(Obtiens gratuitement ce qui peut sauver tes projets de r\u00e9nos)<\/p>\n<p>Confidentialit\u00e9 \u00e0 100 %. Aucun niaisage, aucun pourriel.<\/p>","protected":false},"excerpt":{"rendered":"<p>&nbsp; NOUVEAU rapport GRATUIT choquant r\u00e9v\u00e8le\u2026 D\u00e9couvre les 5 regrets qu\u2019ont les propri\u00e9taires apr\u00e8s un projet de r\u00e9novation &#8211; et quoi faire pour les \u00e9viter ! Un projet de r\u00e9novation, c&rsquo;est l&rsquo;fun. Laisse pas ce moment magique virer au drame\u2026 Apr\u00e8s +10 ans d\u2019exp\u00e9rience et des centaines de projets r\u00e9ussis, nos artisans te montrent leurs [&hellip;]<\/p>\n","protected":false},"author":1,"featured_media":0,"parent":0,"menu_order":0,"comment_status":"closed","ping_status":"closed","template":"elementor_canvas","meta":{"_acf_changed":false,"footnotes":""},"class_list":["post-1485","page","type-page","status-publish","hentry"],"acf":[],"yoast_head":"<!-- This site is optimized with the Yoast SEO plugin v27.4 - https:\/\/yoast.com\/product\/yoast-seo-wordpress\/ -->\n<title>Guide r\u00e9novation gratuit Qu\u00e9bec : \u00e9vitez erreurs co\u00fbteuses<\/title>\n<meta name=\"description\" content=\"T\u00e9l\u00e9chargez votre guide gratuit de r\u00e9novation au Qu\u00e9bec et d\u00e9couvrez les 5 erreurs majeures que les propri\u00e9taires regrettent apr\u00e8s leurs travaux \u2014 budget d\u00e9pass\u00e9, mauvais choix d\u2019entrepreneur, planification d\u00e9ficiente et d\u00e9cisions co\u00fbteuses \u00e9vitables. Bas\u00e9 sur +10 ans d\u2019exp\u00e9rience terrain et des centaines de projets r\u00e9sidentiels, ce rapport vous r\u00e9v\u00e8le quoi faire concr\u00e8tement avant, pendant et apr\u00e8s vos r\u00e9novations pour prot\u00e9ger votre investissement et \u00e9viter les mauvaises surprises.Apprenez comment structurer votre budget, s\u00e9lectionner un entrepreneur fiable avec licence R\u00e9gie du b\u00e2timent du Qu\u00e9bec, comprendre les pi\u00e8ges fr\u00e9quents des projets r\u00e9sidentiels et maximiser la valeur de votre propri\u00e9t\u00e9. Ce guide s\u2019adresse aux propri\u00e9taires au Qu\u00e9bec qui veulent r\u00e9nover intelligemment, sans stress et sans d\u00e9passement de co\u00fbts.Acc\u00e8s imm\u00e9diat, sans engagement, sans spam. Une ressource essentielle pour r\u00e9ussir vos r\u00e9nos d\u00e8s le d\u00e9part et prendre des d\u00e9cisions \u00e9clair\u00e9es.\" \/>\n<meta name=\"robots\" content=\"index, follow, max-snippet:-1, max-image-preview:large, max-video-preview:-1\" \/>\n<link rel=\"canonical\" href=\"https:\/\/solutionsrenovationquebec.ca\/en\/guide-gratuit\/\" \/>\n<meta property=\"og:locale\" content=\"en_US\" \/>\n<meta property=\"og:type\" content=\"article\" \/>\n<meta property=\"og:title\" content=\"Guide r\u00e9novation gratuit Qu\u00e9bec : \u00e9vitez erreurs co\u00fbteuses\" \/>\n<meta property=\"og:description\" content=\"T\u00e9l\u00e9chargez votre guide gratuit de r\u00e9novation au Qu\u00e9bec et d\u00e9couvrez les 5 erreurs majeures que les propri\u00e9taires regrettent apr\u00e8s leurs travaux \u2014 budget d\u00e9pass\u00e9, mauvais choix d\u2019entrepreneur, planification d\u00e9ficiente et d\u00e9cisions co\u00fbteuses \u00e9vitables. Bas\u00e9 sur +10 ans d\u2019exp\u00e9rience terrain et des centaines de projets r\u00e9sidentiels, ce rapport vous r\u00e9v\u00e8le quoi faire concr\u00e8tement avant, pendant et apr\u00e8s vos r\u00e9novations pour prot\u00e9ger votre investissement et \u00e9viter les mauvaises surprises.Apprenez comment structurer votre budget, s\u00e9lectionner un entrepreneur fiable avec licence R\u00e9gie du b\u00e2timent du Qu\u00e9bec, comprendre les pi\u00e8ges fr\u00e9quents des projets r\u00e9sidentiels et maximiser la valeur de votre propri\u00e9t\u00e9. Ce guide s\u2019adresse aux propri\u00e9taires au Qu\u00e9bec qui veulent r\u00e9nover intelligemment, sans stress et sans d\u00e9passement de co\u00fbts.Acc\u00e8s imm\u00e9diat, sans engagement, sans spam. Une ressource essentielle pour r\u00e9ussir vos r\u00e9nos d\u00e8s le d\u00e9part et prendre des d\u00e9cisions \u00e9clair\u00e9es.\" \/>\n<meta property=\"og:url\" content=\"https:\/\/solutionsrenovationquebec.ca\/en\/guide-gratuit\/\" \/>\n<meta property=\"og:site_name\" content=\"Solutions R\u00e9novation Qu\u00e9bec\" \/>\n<meta property=\"article:modified_time\" content=\"2026-03-31T05:30:16+00:00\" \/>\n<meta property=\"og:image\" content=\"https:\/\/solutionsrenovationquebec.ca\/wp-content\/uploads\/2026\/02\/Adobe-Express-file.png\" \/>\n<meta name=\"twitter:card\" content=\"summary_large_image\" \/>\n<meta name=\"twitter:title\" content=\"Guide r\u00e9novation gratuit Qu\u00e9bec : \u00e9vitez erreurs co\u00fbteuses\" \/>\n<meta name=\"twitter:description\" content=\"T\u00e9l\u00e9chargez votre guide gratuit de r\u00e9novation au Qu\u00e9bec et d\u00e9couvrez les 5 erreurs majeures que les propri\u00e9taires regrettent apr\u00e8s leurs travaux \u2014 budget d\u00e9pass\u00e9, mauvais choix d\u2019entrepreneur, planification d\u00e9ficiente et d\u00e9cisions co\u00fbteuses \u00e9vitables. Bas\u00e9 sur +10 ans d\u2019exp\u00e9rience terrain et des centaines de projets r\u00e9sidentiels, ce rapport vous r\u00e9v\u00e8le quoi faire concr\u00e8tement avant, pendant et apr\u00e8s vos r\u00e9novations pour prot\u00e9ger votre investissement et \u00e9viter les mauvaises surprises.Apprenez comment structurer votre budget, s\u00e9lectionner un entrepreneur fiable avec licence R\u00e9gie du b\u00e2timent du Qu\u00e9bec, comprendre les pi\u00e8ges fr\u00e9quents des projets r\u00e9sidentiels et maximiser la valeur de votre propri\u00e9t\u00e9. Ce guide s\u2019adresse aux propri\u00e9taires au Qu\u00e9bec qui veulent r\u00e9nover intelligemment, sans stress et sans d\u00e9passement de co\u00fbts.Acc\u00e8s imm\u00e9diat, sans engagement, sans spam. Une ressource essentielle pour r\u00e9ussir vos r\u00e9nos d\u00e8s le d\u00e9part et prendre des d\u00e9cisions \u00e9clair\u00e9es.\" \/>\n<meta name=\"twitter:label1\" content=\"Est. reading time\" \/>\n\t<meta name=\"twitter:data1\" content=\"1 minute\" \/>\n<script type=\"application\/ld+json\" class=\"yoast-schema-graph\">{\"@context\":\"https:\\\/\\\/schema.org\",\"@graph\":[{\"@type\":\"WebPage\",\"@id\":\"https:\\\/\\\/solutionsrenovationquebec.ca\\\/guide-gratuit\\\/\",\"url\":\"https:\\\/\\\/solutionsrenovationquebec.ca\\\/guide-gratuit\\\/\",\"name\":\"Guide r\u00e9novation gratuit Qu\u00e9bec : \u00e9vitez erreurs co\u00fbteuses\",\"isPartOf\":{\"@id\":\"https:\\\/\\\/solutionsrenovationquebec.ca\\\/#website\"},\"primaryImageOfPage\":{\"@id\":\"https:\\\/\\\/solutionsrenovationquebec.ca\\\/guide-gratuit\\\/#primaryimage\"},\"image\":{\"@id\":\"https:\\\/\\\/solutionsrenovationquebec.ca\\\/guide-gratuit\\\/#primaryimage\"},\"thumbnailUrl\":\"https:\\\/\\\/solutionsrenovationquebec.ca\\\/wp-content\\\/uploads\\\/2026\\\/02\\\/Adobe-Express-file.png\",\"datePublished\":\"2026-01-14T18:45:28+00:00\",\"dateModified\":\"2026-03-31T05:30:16+00:00\",\"description\":\"T\u00e9l\u00e9chargez votre guide gratuit de r\u00e9novation au Qu\u00e9bec et d\u00e9couvrez les 5 erreurs majeures que les propri\u00e9taires regrettent apr\u00e8s leurs travaux \u2014 budget d\u00e9pass\u00e9, mauvais choix d\u2019entrepreneur, planification d\u00e9ficiente et d\u00e9cisions co\u00fbteuses \u00e9vitables. Bas\u00e9 sur +10 ans d\u2019exp\u00e9rience terrain et des centaines de projets r\u00e9sidentiels, ce rapport vous r\u00e9v\u00e8le quoi faire concr\u00e8tement avant, pendant et apr\u00e8s vos r\u00e9novations pour prot\u00e9ger votre investissement et \u00e9viter les mauvaises surprises.Apprenez comment structurer votre budget, s\u00e9lectionner un entrepreneur fiable avec licence R\u00e9gie du b\u00e2timent du Qu\u00e9bec, comprendre les pi\u00e8ges fr\u00e9quents des projets r\u00e9sidentiels et maximiser la valeur de votre propri\u00e9t\u00e9. Ce guide s\u2019adresse aux propri\u00e9taires au Qu\u00e9bec qui veulent r\u00e9nover intelligemment, sans stress et sans d\u00e9passement de co\u00fbts.Acc\u00e8s imm\u00e9diat, sans engagement, sans spam. Une ressource essentielle pour r\u00e9ussir vos r\u00e9nos d\u00e8s le d\u00e9part et prendre des d\u00e9cisions \u00e9clair\u00e9es.\",\"breadcrumb\":{\"@id\":\"https:\\\/\\\/solutionsrenovationquebec.ca\\\/guide-gratuit\\\/#breadcrumb\"},\"inLanguage\":\"en-CA\",\"potentialAction\":[{\"@type\":\"ReadAction\",\"target\":[\"https:\\\/\\\/solutionsrenovationquebec.ca\\\/guide-gratuit\\\/\"]}]},{\"@type\":\"ImageObject\",\"inLanguage\":\"en-CA\",\"@id\":\"https:\\\/\\\/solutionsrenovationquebec.ca\\\/guide-gratuit\\\/#primaryimage\",\"url\":\"https:\\\/\\\/solutionsrenovationquebec.ca\\\/wp-content\\\/uploads\\\/2026\\\/02\\\/Adobe-Express-file.png\",\"contentUrl\":\"https:\\\/\\\/solutionsrenovationquebec.ca\\\/wp-content\\\/uploads\\\/2026\\\/02\\\/Adobe-Express-file.png\"},{\"@type\":\"BreadcrumbList\",\"@id\":\"https:\\\/\\\/solutionsrenovationquebec.ca\\\/guide-gratuit\\\/#breadcrumb\",\"itemListElement\":[{\"@type\":\"ListItem\",\"position\":1,\"name\":\"Home\",\"item\":\"https:\\\/\\\/solutionsrenovationquebec.ca\\\/\"},{\"@type\":\"ListItem\",\"position\":2,\"name\":\"guide gratuit\"}]},{\"@type\":\"WebSite\",\"@id\":\"https:\\\/\\\/solutionsrenovationquebec.ca\\\/#website\",\"url\":\"https:\\\/\\\/solutionsrenovationquebec.ca\\\/\",\"name\":\"Solutions R\u00e9novation Qu\u00e9bec\",\"description\":\"Transforme Ta Maison En Chez-toi. Des solutions de r\u00e9novation tout-en-un partout au Qu\u00e9bec.\",\"publisher\":{\"@id\":\"https:\\\/\\\/solutionsrenovationquebec.ca\\\/#organization\"},\"alternateName\":\"Solution Renovation Quebec\",\"potentialAction\":[{\"@type\":\"SearchAction\",\"target\":{\"@type\":\"EntryPoint\",\"urlTemplate\":\"https:\\\/\\\/solutionsrenovationquebec.ca\\\/?s={search_term_string}\"},\"query-input\":{\"@type\":\"PropertyValueSpecification\",\"valueRequired\":true,\"valueName\":\"search_term_string\"}}],\"inLanguage\":\"en-CA\"},{\"@type\":\"Organization\",\"@id\":\"https:\\\/\\\/solutionsrenovationquebec.ca\\\/#organization\",\"name\":\"Solutions R\u00e9novation Qu\u00e9bec\",\"url\":\"https:\\\/\\\/solutionsrenovationquebec.ca\\\/\",\"logo\":{\"@type\":\"ImageObject\",\"inLanguage\":\"en-CA\",\"@id\":\"https:\\\/\\\/solutionsrenovationquebec.ca\\\/#\\\/schema\\\/logo\\\/image\\\/\",\"url\":\"https:\\\/\\\/solutionsrenovationquebec.ca\\\/wp-content\\\/uploads\\\/2025\\\/11\\\/Solutions-Renovation-Quebec.png\",\"contentUrl\":\"https:\\\/\\\/solutionsrenovationquebec.ca\\\/wp-content\\\/uploads\\\/2025\\\/11\\\/Solutions-Renovation-Quebec.png\",\"width\":237,\"height\":90,\"caption\":\"Solutions R\u00e9novation Qu\u00e9bec\"},\"image\":{\"@id\":\"https:\\\/\\\/solutionsrenovationquebec.ca\\\/#\\\/schema\\\/logo\\\/image\\\/\"}}]}<\/script>\n<!-- \/ Yoast SEO plugin. -->","yoast_head_json":{"title":"Guide r\u00e9novation gratuit Qu\u00e9bec : \u00e9vitez erreurs co\u00fbteuses","description":"T\u00e9l\u00e9chargez votre guide gratuit de r\u00e9novation au Qu\u00e9bec et d\u00e9couvrez les 5 erreurs majeures que les propri\u00e9taires regrettent apr\u00e8s leurs travaux \u2014 budget d\u00e9pass\u00e9, mauvais choix d\u2019entrepreneur, planification d\u00e9ficiente et d\u00e9cisions co\u00fbteuses \u00e9vitables. Bas\u00e9 sur +10 ans d\u2019exp\u00e9rience terrain et des centaines de projets r\u00e9sidentiels, ce rapport vous r\u00e9v\u00e8le quoi faire concr\u00e8tement avant, pendant et apr\u00e8s vos r\u00e9novations pour prot\u00e9ger votre investissement et \u00e9viter les mauvaises surprises.Apprenez comment structurer votre budget, s\u00e9lectionner un entrepreneur fiable avec licence R\u00e9gie du b\u00e2timent du Qu\u00e9bec, comprendre les pi\u00e8ges fr\u00e9quents des projets r\u00e9sidentiels et maximiser la valeur de votre propri\u00e9t\u00e9. Ce guide s\u2019adresse aux propri\u00e9taires au Qu\u00e9bec qui veulent r\u00e9nover intelligemment, sans stress et sans d\u00e9passement de co\u00fbts.Acc\u00e8s imm\u00e9diat, sans engagement, sans spam. Une ressource essentielle pour r\u00e9ussir vos r\u00e9nos d\u00e8s le d\u00e9part et prendre des d\u00e9cisions \u00e9clair\u00e9es.","robots":{"index":"index","follow":"follow","max-snippet":"max-snippet:-1","max-image-preview":"max-image-preview:large","max-video-preview":"max-video-preview:-1"},"canonical":"https:\/\/solutionsrenovationquebec.ca\/en\/guide-gratuit\/","og_locale":"en_US","og_type":"article","og_title":"Guide r\u00e9novation gratuit Qu\u00e9bec : \u00e9vitez erreurs co\u00fbteuses","og_description":"T\u00e9l\u00e9chargez votre guide gratuit de r\u00e9novation au Qu\u00e9bec et d\u00e9couvrez les 5 erreurs majeures que les propri\u00e9taires regrettent apr\u00e8s leurs travaux \u2014 budget d\u00e9pass\u00e9, mauvais choix d\u2019entrepreneur, planification d\u00e9ficiente et d\u00e9cisions co\u00fbteuses \u00e9vitables. Bas\u00e9 sur +10 ans d\u2019exp\u00e9rience terrain et des centaines de projets r\u00e9sidentiels, ce rapport vous r\u00e9v\u00e8le quoi faire concr\u00e8tement avant, pendant et apr\u00e8s vos r\u00e9novations pour prot\u00e9ger votre investissement et \u00e9viter les mauvaises surprises.Apprenez comment structurer votre budget, s\u00e9lectionner un entrepreneur fiable avec licence R\u00e9gie du b\u00e2timent du Qu\u00e9bec, comprendre les pi\u00e8ges fr\u00e9quents des projets r\u00e9sidentiels et maximiser la valeur de votre propri\u00e9t\u00e9. Ce guide s\u2019adresse aux propri\u00e9taires au Qu\u00e9bec qui veulent r\u00e9nover intelligemment, sans stress et sans d\u00e9passement de co\u00fbts.Acc\u00e8s imm\u00e9diat, sans engagement, sans spam. Une ressource essentielle pour r\u00e9ussir vos r\u00e9nos d\u00e8s le d\u00e9part et prendre des d\u00e9cisions \u00e9clair\u00e9es.","og_url":"https:\/\/solutionsrenovationquebec.ca\/en\/guide-gratuit\/","og_site_name":"Solutions R\u00e9novation Qu\u00e9bec","article_modified_time":"2026-03-31T05:30:16+00:00","og_image":[{"url":"https:\/\/solutionsrenovationquebec.ca\/wp-content\/uploads\/2026\/02\/Adobe-Express-file.png","type":"","width":"","height":""}],"twitter_card":"summary_large_image","twitter_title":"Guide r\u00e9novation gratuit Qu\u00e9bec : \u00e9vitez erreurs co\u00fbteuses","twitter_description":"T\u00e9l\u00e9chargez votre guide gratuit de r\u00e9novation au Qu\u00e9bec et d\u00e9couvrez les 5 erreurs majeures que les propri\u00e9taires regrettent apr\u00e8s leurs travaux \u2014 budget d\u00e9pass\u00e9, mauvais choix d\u2019entrepreneur, planification d\u00e9ficiente et d\u00e9cisions co\u00fbteuses \u00e9vitables. Bas\u00e9 sur +10 ans d\u2019exp\u00e9rience terrain et des centaines de projets r\u00e9sidentiels, ce rapport vous r\u00e9v\u00e8le quoi faire concr\u00e8tement avant, pendant et apr\u00e8s vos r\u00e9novations pour prot\u00e9ger votre investissement et \u00e9viter les mauvaises surprises.Apprenez comment structurer votre budget, s\u00e9lectionner un entrepreneur fiable avec licence R\u00e9gie du b\u00e2timent du Qu\u00e9bec, comprendre les pi\u00e8ges fr\u00e9quents des projets r\u00e9sidentiels et maximiser la valeur de votre propri\u00e9t\u00e9. Ce guide s\u2019adresse aux propri\u00e9taires au Qu\u00e9bec qui veulent r\u00e9nover intelligemment, sans stress et sans d\u00e9passement de co\u00fbts.Acc\u00e8s imm\u00e9diat, sans engagement, sans spam. Une ressource essentielle pour r\u00e9ussir vos r\u00e9nos d\u00e8s le d\u00e9part et prendre des d\u00e9cisions \u00e9clair\u00e9es.","twitter_misc":{"Est. reading time":"1 minute"},"schema":{"@context":"https:\/\/schema.org","@graph":[{"@type":"WebPage","@id":"https:\/\/solutionsrenovationquebec.ca\/guide-gratuit\/","url":"https:\/\/solutionsrenovationquebec.ca\/guide-gratuit\/","name":"Guide r\u00e9novation gratuit Qu\u00e9bec : \u00e9vitez erreurs co\u00fbteuses","isPartOf":{"@id":"https:\/\/solutionsrenovationquebec.ca\/#website"},"primaryImageOfPage":{"@id":"https:\/\/solutionsrenovationquebec.ca\/guide-gratuit\/#primaryimage"},"image":{"@id":"https:\/\/solutionsrenovationquebec.ca\/guide-gratuit\/#primaryimage"},"thumbnailUrl":"https:\/\/solutionsrenovationquebec.ca\/wp-content\/uploads\/2026\/02\/Adobe-Express-file.png","datePublished":"2026-01-14T18:45:28+00:00","dateModified":"2026-03-31T05:30:16+00:00","description":"T\u00e9l\u00e9chargez votre guide gratuit de r\u00e9novation au Qu\u00e9bec et d\u00e9couvrez les 5 erreurs majeures que les propri\u00e9taires regrettent apr\u00e8s leurs travaux \u2014 budget d\u00e9pass\u00e9, mauvais choix d\u2019entrepreneur, planification d\u00e9ficiente et d\u00e9cisions co\u00fbteuses \u00e9vitables. Bas\u00e9 sur +10 ans d\u2019exp\u00e9rience terrain et des centaines de projets r\u00e9sidentiels, ce rapport vous r\u00e9v\u00e8le quoi faire concr\u00e8tement avant, pendant et apr\u00e8s vos r\u00e9novations pour prot\u00e9ger votre investissement et \u00e9viter les mauvaises surprises.Apprenez comment structurer votre budget, s\u00e9lectionner un entrepreneur fiable avec licence R\u00e9gie du b\u00e2timent du Qu\u00e9bec, comprendre les pi\u00e8ges fr\u00e9quents des projets r\u00e9sidentiels et maximiser la valeur de votre propri\u00e9t\u00e9. Ce guide s\u2019adresse aux propri\u00e9taires au Qu\u00e9bec qui veulent r\u00e9nover intelligemment, sans stress et sans d\u00e9passement de co\u00fbts.Acc\u00e8s imm\u00e9diat, sans engagement, sans spam. Une ressource essentielle pour r\u00e9ussir vos r\u00e9nos d\u00e8s le d\u00e9part et prendre des d\u00e9cisions \u00e9clair\u00e9es.","breadcrumb":{"@id":"https:\/\/solutionsrenovationquebec.ca\/guide-gratuit\/#breadcrumb"},"inLanguage":"en-CA","potentialAction":[{"@type":"ReadAction","target":["https:\/\/solutionsrenovationquebec.ca\/guide-gratuit\/"]}]},{"@type":"ImageObject","inLanguage":"en-CA","@id":"https:\/\/solutionsrenovationquebec.ca\/guide-gratuit\/#primaryimage","url":"https:\/\/solutionsrenovationquebec.ca\/wp-content\/uploads\/2026\/02\/Adobe-Express-file.png","contentUrl":"https:\/\/solutionsrenovationquebec.ca\/wp-content\/uploads\/2026\/02\/Adobe-Express-file.png"},{"@type":"BreadcrumbList","@id":"https:\/\/solutionsrenovationquebec.ca\/guide-gratuit\/#breadcrumb","itemListElement":[{"@type":"ListItem","position":1,"name":"Home","item":"https:\/\/solutionsrenovationquebec.ca\/"},{"@type":"ListItem","position":2,"name":"guide gratuit"}]},{"@type":"WebSite","@id":"https:\/\/solutionsrenovationquebec.ca\/#website","url":"https:\/\/solutionsrenovationquebec.ca\/","name":"Solutions R\u00e9novation Qu\u00e9bec","description":"Turn Your House Into Your Home. All-in-one renovation solutions throughout Quebec.","publisher":{"@id":"https:\/\/solutionsrenovationquebec.ca\/#organization"},"alternateName":"Solution Renovation Quebec","potentialAction":[{"@type":"SearchAction","target":{"@type":"EntryPoint","urlTemplate":"https:\/\/solutionsrenovationquebec.ca\/?s={search_term_string}"},"query-input":{"@type":"PropertyValueSpecification","valueRequired":true,"valueName":"search_term_string"}}],"inLanguage":"en-CA"},{"@type":"Organization","@id":"https:\/\/solutionsrenovationquebec.ca\/#organization","name":"Solutions R\u00e9novation Qu\u00e9bec","url":"https:\/\/solutionsrenovationquebec.ca\/","logo":{"@type":"ImageObject","inLanguage":"en-CA","@id":"https:\/\/solutionsrenovationquebec.ca\/#\/schema\/logo\/image\/","url":"https:\/\/solutionsrenovationquebec.ca\/wp-content\/uploads\/2025\/11\/Solutions-Renovation-Quebec.png","contentUrl":"https:\/\/solutionsrenovationquebec.ca\/wp-content\/uploads\/2025\/11\/Solutions-Renovation-Quebec.png","width":237,"height":90,"caption":"Solutions R\u00e9novation Qu\u00e9bec"},"image":{"@id":"https:\/\/solutionsrenovationquebec.ca\/#\/schema\/logo\/image\/"}}]}},"_links":{"self":[{"href":"https:\/\/solutionsrenovationquebec.ca\/en\/wp-json\/wp\/v2\/pages\/1485","targetHints":{"allow":["GET"]}}],"collection":[{"href":"https:\/\/solutionsrenovationquebec.ca\/en\/wp-json\/wp\/v2\/pages"}],"about":[{"href":"https:\/\/solutionsrenovationquebec.ca\/en\/wp-json\/wp\/v2\/types\/page"}],"author":[{"embeddable":true,"href":"https:\/\/solutionsrenovationquebec.ca\/en\/wp-json\/wp\/v2\/users\/1"}],"replies":[{"embeddable":true,"href":"https:\/\/solutionsrenovationquebec.ca\/en\/wp-json\/wp\/v2\/comments?post=1485"}],"version-history":[{"count":5,"href":"https:\/\/solutionsrenovationquebec.ca\/en\/wp-json\/wp\/v2\/pages\/1485\/revisions"}],"predecessor-version":[{"id":1749,"href":"https:\/\/solutionsrenovationquebec.ca\/en\/wp-json\/wp\/v2\/pages\/1485\/revisions\/1749"}],"wp:attachment":[{"href":"https:\/\/solutionsrenovationquebec.ca\/en\/wp-json\/wp\/v2\/media?parent=1485"}],"curies":[{"name":"wp","href":"https:\/\/api.w.org\/{rel}","templated":true}]}}